{"id":563,"date":"2023-09-18T10:54:23","date_gmt":"2023-09-18T10:54:23","guid":{"rendered":"https:\/\/www.ekosankompresor.com\/?page_id=563"},"modified":"2023-09-18T11:07:51","modified_gmt":"2023-09-18T11:07:51","slug":"green-line-serisi","status":"publish","type":"page","link":"https:\/\/www.ekosankompresor.com\/ar\/urunler\/vidali-hava-kompresorleri\/green-line-serisi\/","title":{"rendered":"Green Line Serisi (11 Kw &#8211; 315 Kw)"},"content":{"rendered":"<section class=\"wpb-content-wrapper\"><div class=\"vc_row wpb_row row top-row\"><div class=\"vc_column_container col-md-12\"><div class=\"wpb_wrapper vc_column-inner\">\r\n\t<div class=\"wpb_single_image wpb_content_element vc_align_center\">\r\n\t\t<div class=\"wpb_wrapper\">\r\n\t\t\t\r\n\t\t\t<div class=\"vc_single_image-wrapper vc_box_rounded  vc_box_border_grey\"><img loading=\"lazy\" decoding=\"async\" width=\"1600\" height=\"767\" src=\"https:\/\/www.ekosankompresor.com\/wp-content\/uploads\/2023\/09\/green-ser-1.jpg\" class=\"vc_single_image-img attachment-full\" alt=\"\" title=\"\" srcset=\"https:\/\/www.ekosankompresor.com\/wp-content\/uploads\/2023\/09\/green-ser-1.jpg 1600w, https:\/\/www.ekosankompresor.com\/wp-content\/uploads\/2023\/09\/green-ser-1-1024x491.jpg 1024w, https:\/\/www.ekosankompresor.com\/wp-content\/uploads\/2023\/09\/green-ser-1-768x368.jpg 768w, https:\/\/www.ekosankompresor.com\/wp-content\/uploads\/2023\/09\/green-ser-1-1536x736.jpg 1536w, https:\/\/www.ekosankompresor.com\/wp-content\/uploads\/2023\/09\/green-ser-1-640x307.jpg 640w, https:\/\/www.ekosankompresor.com\/wp-content\/uploads\/2023\/09\/green-ser-1-400x192.jpg 400w\" sizes=\"auto, (max-width: 1600px) 100vw, 1600px\" \/><\/div>\r\n\t\t<\/div>\r\n\t<\/div>\r\n<\/div><\/div><\/div><div class=\"vc_row wpb_row top-row porto-inner-container\"><div class=\"porto-wrap-container container\"><div class=\"row\"><div class=\"vc_column_container col-md-12\"><div class=\"wpb_wrapper vc_column-inner\">\n\t<div class=\"wpb_text_column wpb_content_element\" >\n\t\t<div class=\"wpb_wrapper\">\n\t\t\t<p style=\"text-align: center;\">\u0625\u0646\u0647 \u0645\u062e\u0635\u0635 \u0644\u0644\u0634\u0631\u0643\u0627\u062a \u0627\u0644\u0635\u063a\u064a\u0631\u0629 \u0648\u0627\u0644\u0645\u062a\u0648\u0633\u0637\u0629. \u0641\u064a \u0633\u0644\u0633\u0644\u0629 Red Line \u0627\u0644\u062e\u0627\u0635\u0629 \u0628\u0646\u0627\u060c \u064a\u0645\u0643\u0646 \u0625\u0636\u0627\u0641\u0629 \u0636\u0627\u063a\u0637 \u0623\u0648 \u0645\u062c\u0641\u0641 \u0625\u0644\u0649 \u062e\u0632\u0627\u0646 \u0627\u0644\u0647\u0648\u0627\u0621 \u0627\u0644\u0623\u0641\u0642\u064a \u0625\u0630\u0627 \u0631\u063a\u0628\u062a \u0641\u064a \u0630\u0644\u0643. \u0627\u0644\u062e\u062f\u0645\u0629 \u0633\u0647\u0644\u0629 \u0648\u062a\u0643\u0627\u0644\u064a\u0641 \u0627\u0644\u062e\u062f\u0645\u0629 \u0645\u0639\u0642\u0648\u0644\u0629 \u062c\u062f\u064b\u0627. \u062a\u062d\u062a\u0648\u064a \u0639\u0644\u0649 \u0641\u0627\u0635\u0644 \u064a\u062f\u0648\u0631.<\/p>\n\n\t\t<\/div>\n\t<\/div>\n<\/div><\/div><div class=\"vc_column_container col-md-12\"><div class=\"wpb_wrapper vc_column-inner\"><div class=\"vc_row wpb_row vc_inner row\"><div class=\"vc_column_container col-md-4\"><div class=\"wpb_wrapper vc_column-inner\"><div class=\"porto-u-heading  wpb_custom_eb743a51c55f32b038d66f59f64306c0 porto-u-3672\"><div class=\"porto-u-main-heading\"><h2  >\u0627\u0644\u0639\u0644\u0627\u062c \u0627\u0644\u0645\u0628\u0627\u0634\u0631<\/h2><\/div><style>.porto-u-3672.porto-u-heading{text-align:center}<\/style><\/div>\r\n\t<div class=\"wpb_single_image wpb_content_element vc_align_center\">\r\n\t\t<div class=\"wpb_wrapper\">\r\n\t\t\t\r\n\t\t\t<div class=\"vc_single_image-wrapper vc_box_border  vc_box_border_grey\"><img loading=\"lazy\" decoding=\"async\" width=\"450\" height=\"450\" src=\"https:\/\/www.ekosankompresor.com\/wp-content\/uploads\/2023\/09\/d-akupe.jpg\" class=\"vc_single_image-img attachment-full\" alt=\"\" title=\"\" srcset=\"https:\/\/www.ekosankompresor.com\/wp-content\/uploads\/2023\/09\/d-akupe.jpg 450w, https:\/\/www.ekosankompresor.com\/wp-content\/uploads\/2023\/09\/d-akupe-400x400.jpg 400w, https:\/\/www.ekosankompresor.com\/wp-content\/uploads\/2023\/09\/d-akupe-367x367.jpg 367w\" sizes=\"auto, (max-width: 450px) 100vw, 450px\" \/><\/div>\r\n\t\t<\/div>\r\n\t<\/div>\r\n\n\t<div class=\"wpb_text_column wpb_content_element  vc_custom_1695034586427\" >\n\t\t<div class=\"wpb_wrapper\">\n\t\t\t<p style=\"text-align: center;\">\u0646\u0638\u0627\u0645 \u0645\u062d\u0631\u0643 \u0639\u0627\u0644\u064a \u0627\u0644\u0642\u0648\u0629 \u0645\u0639 \u0627\u0642\u062a\u0631\u0627\u0646 \u0627\u0644\u0645\u0637\u0627\u0637 \u0627\u0644\u0635\u0646\u0627\u0639\u064a.<\/p>\n\n\t\t<\/div>\n\t<\/div>\n<\/div><\/div><div class=\"vc_column_container col-md-4\"><div class=\"wpb_wrapper vc_column-inner\"><div class=\"porto-u-heading  wpb_custom_eb743a51c55f32b038d66f59f64306c0 porto-u-5898\"><div class=\"porto-u-main-heading\"><h2  >\u0644\u0648\u062d\u0629 \u0627\u0644\u062a\u062d\u0643\u0645<\/h2><\/div><style>.porto-u-5898.porto-u-heading{text-align:center}<\/style><\/div>\r\n\t<div class=\"wpb_single_image wpb_content_element vc_align_center\">\r\n\t\t<div class=\"wpb_wrapper\">\r\n\t\t\t\r\n\t\t\t<div class=\"vc_single_image-wrapper vc_box_border  vc_box_border_grey\"><img loading=\"lazy\" decoding=\"async\" width=\"450\" height=\"450\" src=\"https:\/\/www.ekosankompresor.com\/wp-content\/uploads\/2023\/09\/k-panel-1-1.jpg\" class=\"vc_single_image-img attachment-full\" alt=\"\" title=\"\" srcset=\"https:\/\/www.ekosankompresor.com\/wp-content\/uploads\/2023\/09\/k-panel-1-1.jpg 450w, https:\/\/www.ekosankompresor.com\/wp-content\/uploads\/2023\/09\/k-panel-1-1-400x400.jpg 400w, https:\/\/www.ekosankompresor.com\/wp-content\/uploads\/2023\/09\/k-panel-1-1-367x367.jpg 367w\" sizes=\"auto, (max-width: 450px) 100vw, 450px\" \/><\/div>\r\n\t\t<\/div>\r\n\t<\/div>\r\n\n\t<div class=\"wpb_text_column wpb_content_element  vc_custom_1695019238815\" >\n\t\t<div class=\"wpb_wrapper\">\n\t\t\t<p style=\"text-align: center;\">\u0633\u0647\u0648\u0644\u0629 \u0627\u0644\u0648\u0635\u0648\u0644 \u0625\u0644\u0649 \u0627\u0644\u0642\u0627\u0626\u0645\u0629 \u0627\u0644\u0631\u0626\u064a\u0633\u064a\u0629 \u0648\u062c\u0645\u064a\u0639 \u0627\u0644\u0645\u062d\u062a\u0648\u064a\u0627\u062a \u0628\u0641\u0636\u0644 \u0644\u0648\u062d\u0629 \u0627\u0644\u062a\u062d\u0643\u0645.<\/p>\n\n\t\t<\/div>\n\t<\/div>\n<\/div><\/div><div class=\"vc_column_container col-md-4\"><div class=\"wpb_wrapper vc_column-inner\"><div class=\"porto-u-heading  wpb_custom_eb743a51c55f32b038d66f59f64306c0 porto-u-8777\"><div class=\"porto-u-main-heading\"><h2  >\u062e\u0632\u0627\u0646 \u0641\u0627\u0635\u0644<\/h2><\/div><style>.porto-u-8777.porto-u-heading{text-align:center}<\/style><\/div>\r\n\t<div class=\"wpb_single_image wpb_content_element vc_align_center\">\r\n\t\t<div class=\"wpb_wrapper\">\r\n\t\t\t\r\n\t\t\t<div class=\"vc_single_image-wrapper vc_box_border  vc_box_border_grey\"><img loading=\"lazy\" decoding=\"async\" width=\"450\" height=\"450\" src=\"https:\/\/www.ekosankompresor.com\/wp-content\/uploads\/2023\/09\/s-tanki.jpg\" class=\"vc_single_image-img attachment-full\" alt=\"\" title=\"\" srcset=\"https:\/\/www.ekosankompresor.com\/wp-content\/uploads\/2023\/09\/s-tanki.jpg 450w, https:\/\/www.ekosankompresor.com\/wp-content\/uploads\/2023\/09\/s-tanki-400x400.jpg 400w, https:\/\/www.ekosankompresor.com\/wp-content\/uploads\/2023\/09\/s-tanki-367x367.jpg 367w\" sizes=\"auto, (max-width: 450px) 100vw, 450px\" \/><\/div>\r\n\t\t<\/div>\r\n\t<\/div>\r\n\n\t<div class=\"wpb_text_column wpb_content_element  vc_custom_1695032695355\" >\n\t\t<div class=\"wpb_wrapper\">\n\t\t\t<p style=\"text-align: center;\">\u0645\u0639 \u0641\u0627\u0635\u0644 \u0646\u0648\u0639 \u0627\u0644\u063a\u0645\u0631.<\/p>\n\n\t\t<\/div>\n\t<\/div>\n<\/div><\/div><\/div><\/div><\/div><div class=\"vc_column_container col-md-12\"><div class=\"wpb_wrapper vc_column-inner\"><div class=\"vc_row wpb_row vc_inner row\"><div class=\"vc_column_container col-md-1\"><div class=\"wpb_wrapper vc_column-inner\"><\/div><\/div><div class=\"vc_column_container col-md-10\"><div class=\"wpb_wrapper vc_column-inner\">\r\n\t<div class=\"wpb_single_image wpb_content_element vc_align_center\">\r\n\t\t<div class=\"wpb_wrapper\">\r\n\t\t\t\r\n\t\t\t<div class=\"vc_single_image-wrapper   vc_box_border_grey\"><img loading=\"lazy\" decoding=\"async\" width=\"1644\" height=\"956\" src=\"https:\/\/www.ekosankompresor.com\/wp-content\/uploads\/2023\/09\/green-tablo-1.jpg\" class=\"vc_single_image-img attachment-full\" alt=\"\" title=\"\" srcset=\"https:\/\/www.ekosankompresor.com\/wp-content\/uploads\/2023\/09\/green-tablo-1.jpg 1644w, https:\/\/www.ekosankompresor.com\/wp-content\/uploads\/2023\/09\/green-tablo-1-1024x595.jpg 1024w, https:\/\/www.ekosankompresor.com\/wp-content\/uploads\/2023\/09\/green-tablo-1-768x447.jpg 768w, https:\/\/www.ekosankompresor.com\/wp-content\/uploads\/2023\/09\/green-tablo-1-1536x893.jpg 1536w\" sizes=\"auto, (max-width: 1644px) 100vw, 1644px\" \/><\/div>\r\n\t\t<\/div>\r\n\t<\/div>\r\n<\/div><\/div><div class=\"vc_column_container col-md-1\"><div class=\"wpb_wrapper vc_column-inner\"><\/div><\/div><\/div><\/div><\/div><div class=\"vc_column_container col-md-12\"><div class=\"wpb_wrapper vc_column-inner\"><div class=\"vc_row wpb_row vc_inner row\"><div class=\"vc_column_container col-md-2\"><div class=\"wpb_wrapper vc_column-inner\"><\/div><\/div><div class=\"vc_column_container col-md-4\"><div class=\"wpb_wrapper vc_column-inner\"><div class=\"porto-u-heading  wpb_custom_eb743a51c55f32b038d66f59f64306c0 porto-u-2092\"><div class=\"porto-u-main-heading\"><h2  >\u0644\u0648\u062d\u0629 \u0627\u0644\u062a\u062d\u0643\u0645 \u0628\u0627\u0644\u0644\u0645\u0633<\/h2><\/div><style>.porto-u-2092.porto-u-heading{text-align:center}<\/style><\/div>\r\n\t<div class=\"wpb_single_image wpb_content_element vc_align_center\">\r\n\t\t<div class=\"wpb_wrapper\">\r\n\t\t\t\r\n\t\t\t<div class=\"vc_single_image-wrapper vc_box_border  vc_box_border_grey\"><img loading=\"lazy\" decoding=\"async\" width=\"450\" height=\"450\" src=\"https:\/\/www.ekosankompresor.com\/wp-content\/uploads\/2023\/09\/d-kot-pan.jpg\" class=\"vc_single_image-img attachment-full\" alt=\"\" title=\"\" srcset=\"https:\/\/www.ekosankompresor.com\/wp-content\/uploads\/2023\/09\/d-kot-pan.jpg 450w, https:\/\/www.ekosankompresor.com\/wp-content\/uploads\/2023\/09\/d-kot-pan-400x400.jpg 400w, https:\/\/www.ekosankompresor.com\/wp-content\/uploads\/2023\/09\/d-kot-pan-367x367.jpg 367w\" sizes=\"auto, (max-width: 450px) 100vw, 450px\" \/><\/div>\r\n\t\t<\/div>\r\n\t<\/div>\r\n\n\t<div class=\"wpb_text_column wpb_content_element  vc_custom_1695027126375\" >\n\t\t<div class=\"wpb_wrapper\">\n\t\t\t<p style=\"text-align: center;\">\u0644\u0648\u062d\u0629 \u062a\u062d\u0643\u0645 \u0628\u0634\u0627\u0634\u0629 \u062a\u0639\u0645\u0644 \u0628\u0627\u0644\u0644\u0645\u0633 \u0645\u062a\u0648\u0627\u0641\u0642\u0629 \u062a\u0645\u0627\u0645\u064b\u0627 \u0645\u0639 \u0627\u0644\u0639\u0627\u0643\u0633.<\/p>\n\n\t\t<\/div>\n\t<\/div>\n<\/div><\/div><div class=\"vc_column_container col-md-4\"><div class=\"wpb_wrapper vc_column-inner\"><div class=\"porto-u-heading  wpb_custom_eb743a51c55f32b038d66f59f64306c0 porto-u-7873\"><div class=\"porto-u-main-heading\"><h2  >\u0627\u0644\u0639\u0627\u0643\u0633<\/h2><\/div><style>.porto-u-7873.porto-u-heading{text-align:center}<\/style><\/div>\r\n\t<div class=\"wpb_single_image wpb_content_element vc_align_center\">\r\n\t\t<div class=\"wpb_wrapper\">\r\n\t\t\t\r\n\t\t\t<div class=\"vc_single_image-wrapper vc_box_border  vc_box_border_grey\"><img loading=\"lazy\" decoding=\"async\" width=\"450\" height=\"450\" src=\"https:\/\/www.ekosankompresor.com\/wp-content\/uploads\/2023\/09\/invertor.jpg\" class=\"vc_single_image-img attachment-full\" alt=\"\" title=\"\" srcset=\"https:\/\/www.ekosankompresor.com\/wp-content\/uploads\/2023\/09\/invertor.jpg 450w, https:\/\/www.ekosankompresor.com\/wp-content\/uploads\/2023\/09\/invertor-400x400.jpg 400w, https:\/\/www.ekosankompresor.com\/wp-content\/uploads\/2023\/09\/invertor-367x367.jpg 367w\" sizes=\"auto, (max-width: 450px) 100vw, 450px\" \/><\/div>\r\n\t\t<\/div>\r\n\t<\/div>\r\n\n\t<div class=\"wpb_text_column wpb_content_element  vc_custom_1695027141394\" >\n\t\t<div class=\"wpb_wrapper\">\n\t\t\t<p style=\"text-align: center;\">\u062a\u0648\u0641\u064a\u0631 \u0627\u0644\u0637\u0627\u0642\u0629 \u064a\u0635\u0644 \u0625\u0644\u0649 35%.<\/p>\n\n\t\t<\/div>\n\t<\/div>\n<\/div><\/div><div class=\"vc_column_container col-md-2\"><div class=\"wpb_wrapper vc_column-inner\"><\/div><\/div><\/div><\/div><\/div><div class=\"vc_column_container col-md-12\"><div class=\"wpb_wrapper vc_column-inner\"><div class=\"vc_row wpb_row vc_inner row\"><div class=\"vc_column_container col-md-1\"><div class=\"wpb_wrapper vc_column-inner\"><\/div><\/div><div class=\"vc_column_container col-md-10\"><div class=\"wpb_wrapper vc_column-inner\">\r\n\t<div class=\"wpb_single_image wpb_content_element vc_align_center\">\r\n\t\t<div class=\"wpb_wrapper\">\r\n\t\t\t\r\n\t\t\t<div class=\"vc_single_image-wrapper   vc_box_border_grey\"><img loading=\"lazy\" decoding=\"async\" width=\"1650\" height=\"1315\" src=\"https:\/\/www.ekosankompresor.com\/wp-content\/uploads\/2023\/09\/green-tablo-2.jpg\" class=\"vc_single_image-img attachment-full\" alt=\"\" title=\"\" srcset=\"https:\/\/www.ekosankompresor.com\/wp-content\/uploads\/2023\/09\/green-tablo-2.jpg 1650w, https:\/\/www.ekosankompresor.com\/wp-content\/uploads\/2023\/09\/green-tablo-2-1024x816.jpg 1024w, https:\/\/www.ekosankompresor.com\/wp-content\/uploads\/2023\/09\/green-tablo-2-768x612.jpg 768w, https:\/\/www.ekosankompresor.com\/wp-content\/uploads\/2023\/09\/green-tablo-2-1536x1224.jpg 1536w, https:\/\/www.ekosankompresor.com\/wp-content\/uploads\/2023\/09\/green-tablo-2-640x510.jpg 640w, https:\/\/www.ekosankompresor.com\/wp-content\/uploads\/2023\/09\/green-tablo-2-400x319.jpg 400w, https:\/\/www.ekosankompresor.com\/wp-content\/uploads\/2023\/09\/green-tablo-2-367x292.jpg 367w\" sizes=\"auto, (max-width: 1650px) 100vw, 1650px\" \/><\/div>\r\n\t\t<\/div>\r\n\t<\/div>\r\n<\/div><\/div><div class=\"vc_column_container col-md-1\"><div class=\"wpb_wrapper vc_column-inner\"><\/div><\/div><\/div><\/div><\/div><\/div><\/div><\/div>\n<\/section>","protected":false},"excerpt":{"rendered":"K\u00fc\u00e7\u00fck ve orta \u00f6l\u00e7ekli i\u015fletmeler i\u00e7indir. Red Line serimizde istenildi\u011fi takdirde yatay hava tank\u0131 \u00fcst\u00fcne kompres\u00f6r veya kurutucu da ilave edilebilmektedir. Servis kolayl\u0131\u011f\u0131 olup servis maliyetleri \u00e7ok uygundur. Spin-On seperat\u00f6rl\u00fcd\u00fcr. D\u0130REK AKUPE Elastomer kaplinli y\u00fcksek mukavemetli tahrik sistemi. KONTROL PANEL\u0130 Kontrol paneli sayesinde ana men\u00fcye ve b\u00fct\u00fcn i\u00e7eri\u011fe kolay ula\u015f\u0131m imkan\u0131. SEPERAT\u00d6R TANKI Dald\u0131rma tip [...]","protected":false},"author":1,"featured_media":0,"parent":475,"menu_order":0,"comment_status":"closed","ping_status":"closed","template":"","meta":{"_acf_changed":false,"footnotes":""},"class_list":["post-563","page","type-page","status-publish","hentry"],"acf":[],"_links":{"self":[{"href":"https:\/\/www.ekosankompresor.com\/ar\/wp-json\/wp\/v2\/pages\/563","targetHints":{"allow":["GET"]}}],"collection":[{"href":"https:\/\/www.ekosankompresor.com\/ar\/wp-json\/wp\/v2\/pages"}],"about":[{"href":"https:\/\/www.ekosankompresor.com\/ar\/wp-json\/wp\/v2\/types\/page"}],"author":[{"embeddable":true,"href":"https:\/\/www.ekosankompresor.com\/ar\/wp-json\/wp\/v2\/users\/1"}],"replies":[{"embeddable":true,"href":"https:\/\/www.ekosankompresor.com\/ar\/wp-json\/wp\/v2\/comments?post=563"}],"version-history":[{"count":0,"href":"https:\/\/www.ekosankompresor.com\/ar\/wp-json\/wp\/v2\/pages\/563\/revisions"}],"up":[{"embeddable":true,"href":"https:\/\/www.ekosankompresor.com\/ar\/wp-json\/wp\/v2\/pages\/475"}],"wp:attachment":[{"href":"https:\/\/www.ekosankompresor.com\/ar\/wp-json\/wp\/v2\/media?parent=563"}],"curies":[{"name":"wp","href":"https:\/\/api.w.org\/{rel}","templated":true}]}}