{"id":598,"date":"2023-09-28T16:43:57","date_gmt":"2023-09-28T16:43:57","guid":{"rendered":"https:\/\/www.ekosankompresor.com\/?page_id=598"},"modified":"2024-05-06T09:33:32","modified_gmt":"2024-05-06T09:33:32","slug":"private-line-serisi","status":"publish","type":"page","link":"https:\/\/www.ekosankompresor.com\/ar\/urunler\/vidali-hava-kompresorleri\/private-line-serisi\/","title":{"rendered":"Private Line Serisi (30 Kw &#8211; 315 Kw)"},"content":{"rendered":"<section class=\"wpb-content-wrapper\"><div class=\"vc_row wpb_row row top-row\"><div class=\"vc_column_container col-md-12\"><div class=\"wpb_wrapper vc_column-inner\">\r\n\t<div class=\"wpb_single_image wpb_content_element vc_align_center\">\r\n\t\t<div class=\"wpb_wrapper\">\r\n\t\t\t\r\n\t\t\t<div class=\"vc_single_image-wrapper vc_box_rounded  vc_box_border_grey\"><img loading=\"lazy\" decoding=\"async\" width=\"1600\" height=\"767\" src=\"https:\/\/www.ekosankompresor.com\/wp-content\/uploads\/2024\/05\/private-line-cover.jpg\" class=\"vc_single_image-img attachment-full\" alt=\"\" title=\"private-line-cover\" srcset=\"https:\/\/www.ekosankompresor.com\/wp-content\/uploads\/2024\/05\/private-line-cover.jpg 1600w, https:\/\/www.ekosankompresor.com\/wp-content\/uploads\/2024\/05\/private-line-cover-1024x491.jpg 1024w, https:\/\/www.ekosankompresor.com\/wp-content\/uploads\/2024\/05\/private-line-cover-768x368.jpg 768w\" sizes=\"auto, (max-width: 1600px) 100vw, 1600px\" \/><\/div>\r\n\t\t<\/div>\r\n\t<\/div>\r\n<\/div><\/div><\/div><div class=\"vc_row wpb_row top-row porto-inner-container\"><div class=\"porto-wrap-container container\"><div class=\"row\"><div class=\"vc_column_container col-md-12\"><div class=\"wpb_wrapper vc_column-inner\"><div class=\"vc_row wpb_row vc_inner row\"><div class=\"vc_column_container col-md-2\"><div class=\"wpb_wrapper vc_column-inner\"><\/div><\/div><div class=\"vc_column_container col-md-4\"><div class=\"wpb_wrapper vc_column-inner\"><div class=\"porto-u-heading  wpb_custom_eb743a51c55f32b038d66f59f64306c0 porto-u-4477\"><div class=\"porto-u-main-heading\"><h2  >\u0643\u062a\u0644\u0629 \u0627\u0644\u0645\u0633\u0645\u0627\u0631<\/h2><\/div><style>.porto-u-4477.porto-u-heading{text-align:center}<\/style><\/div>\r\n\t<div class=\"wpb_single_image wpb_content_element vc_align_center\">\r\n\t\t<div class=\"wpb_wrapper\">\r\n\t\t\t\r\n\t\t\t<div class=\"vc_single_image-wrapper vc_box_border  vc_box_border_grey\"><img loading=\"lazy\" decoding=\"async\" width=\"450\" height=\"450\" src=\"https:\/\/www.ekosankompresor.com\/wp-content\/uploads\/2023\/09\/vida-blogu.jpg\" class=\"vc_single_image-img attachment-full\" alt=\"\" title=\"vida-blogu\" srcset=\"https:\/\/www.ekosankompresor.com\/wp-content\/uploads\/2023\/09\/vida-blogu.jpg 450w, https:\/\/www.ekosankompresor.com\/wp-content\/uploads\/2023\/09\/vida-blogu-400x400.jpg 400w, https:\/\/www.ekosankompresor.com\/wp-content\/uploads\/2023\/09\/vida-blogu-367x367.jpg 367w\" sizes=\"auto, (max-width: 450px) 100vw, 450px\" \/><\/div>\r\n\t\t<\/div>\r\n\t<\/div>\r\n\n\t<div class=\"wpb_text_column wpb_content_element  vc_custom_1695920032942\" >\n\t\t<div class=\"wpb_wrapper\">\n\t\t\t<p style=\"text-align: center;\">\u0643\u062a\u0644\u0629 \u0644\u0648\u0644\u0628\u064a\u0629 \u0645\u0646 \u0641\u0626\u0629 \u0627\u0644\u0643\u0641\u0627\u0621\u0629 \u0627\u0644\u0645\u0645\u062a\u0627\u0632\u0629 \u0630\u0627\u062a \u0627\u0644\u0645\u0631\u062d\u0644\u0629 \u0627\u0644\u0645\u0632\u062f\u0648\u062c\u0629.<\/p>\n\n\t\t<\/div>\n\t<\/div>\n<\/div><\/div><div class=\"vc_column_container col-md-4\"><div class=\"wpb_wrapper vc_column-inner\"><div class=\"porto-u-heading  wpb_custom_eb743a51c55f32b038d66f59f64306c0 porto-u-2329\"><div class=\"porto-u-main-heading\"><h2  >\u0644\u0648\u062d\u0629 \u0627\u0644\u062a\u062d\u0643\u0645<\/h2><\/div><style>.porto-u-2329.porto-u-heading{text-align:center}<\/style><\/div>\r\n\t<div class=\"wpb_single_image wpb_content_element vc_align_center\">\r\n\t\t<div class=\"wpb_wrapper\">\r\n\t\t\t\r\n\t\t\t<div class=\"vc_single_image-wrapper vc_box_border  vc_box_border_grey\"><img loading=\"lazy\" decoding=\"async\" width=\"450\" height=\"450\" src=\"https:\/\/www.ekosankompresor.com\/wp-content\/uploads\/2023\/09\/k-panel-1-1.jpg\" class=\"vc_single_image-img attachment-full\" alt=\"\" title=\"\" srcset=\"https:\/\/www.ekosankompresor.com\/wp-content\/uploads\/2023\/09\/k-panel-1-1.jpg 450w, https:\/\/www.ekosankompresor.com\/wp-content\/uploads\/2023\/09\/k-panel-1-1-400x400.jpg 400w, https:\/\/www.ekosankompresor.com\/wp-content\/uploads\/2023\/09\/k-panel-1-1-367x367.jpg 367w\" sizes=\"auto, (max-width: 450px) 100vw, 450px\" \/><\/div>\r\n\t\t<\/div>\r\n\t<\/div>\r\n\n\t<div class=\"wpb_text_column wpb_content_element  vc_custom_1695019238815\" >\n\t\t<div class=\"wpb_wrapper\">\n\t\t\t<p style=\"text-align: center;\">\u0633\u0647\u0648\u0644\u0629 \u0627\u0644\u0648\u0635\u0648\u0644 \u0625\u0644\u0649 \u0627\u0644\u0642\u0627\u0626\u0645\u0629 \u0627\u0644\u0631\u0626\u064a\u0633\u064a\u0629 \u0648\u062c\u0645\u064a\u0639 \u0627\u0644\u0645\u062d\u062a\u0648\u064a\u0627\u062a \u0628\u0641\u0636\u0644 \u0644\u0648\u062d\u0629 \u0627\u0644\u062a\u062d\u0643\u0645.<\/p>\n\n\t\t<\/div>\n\t<\/div>\n<\/div><\/div><div class=\"vc_column_container col-md-2\"><div class=\"wpb_wrapper vc_column-inner\"><\/div><\/div><\/div><\/div><\/div><div class=\"vc_column_container col-md-12\"><div class=\"wpb_wrapper vc_column-inner\"><div class=\"vc_row wpb_row vc_inner row\"><div class=\"vc_column_container col-md-1\"><div class=\"wpb_wrapper vc_column-inner\"><\/div><\/div><div class=\"vc_column_container col-md-10\"><div class=\"wpb_wrapper vc_column-inner\">\r\n\t<div class=\"wpb_single_image wpb_content_element vc_align_center\">\r\n\t\t<div class=\"wpb_wrapper\">\r\n\t\t\t\r\n\t\t\t<div class=\"vc_single_image-wrapper   vc_box_border_grey\"><img loading=\"lazy\" decoding=\"async\" width=\"1629\" height=\"924\" src=\"https:\/\/www.ekosankompresor.com\/wp-content\/uploads\/2023\/09\/Private-line-2.jpg\" class=\"vc_single_image-img attachment-full\" alt=\"\" title=\"Private-line-2\" srcset=\"https:\/\/www.ekosankompresor.com\/wp-content\/uploads\/2023\/09\/Private-line-2.jpg 1629w, https:\/\/www.ekosankompresor.com\/wp-content\/uploads\/2023\/09\/Private-line-2-1024x581.jpg 1024w, https:\/\/www.ekosankompresor.com\/wp-content\/uploads\/2023\/09\/Private-line-2-768x436.jpg 768w, https:\/\/www.ekosankompresor.com\/wp-content\/uploads\/2023\/09\/Private-line-2-1536x871.jpg 1536w\" sizes=\"auto, (max-width: 1629px) 100vw, 1629px\" \/><\/div>\r\n\t\t<\/div>\r\n\t<\/div>\r\n<\/div><\/div><div class=\"vc_column_container col-md-1\"><div class=\"wpb_wrapper vc_column-inner\"><\/div><\/div><\/div><\/div><\/div><div class=\"vc_column_container col-md-12\"><div class=\"wpb_wrapper vc_column-inner\"><div class=\"vc_row wpb_row vc_inner row\"><div class=\"vc_column_container col-md-2\"><div class=\"wpb_wrapper vc_column-inner\"><\/div><\/div><div class=\"vc_column_container col-md-4\"><div class=\"wpb_wrapper vc_column-inner\"><div class=\"porto-u-heading  wpb_custom_eb743a51c55f32b038d66f59f64306c0 porto-u-3149\"><div class=\"porto-u-main-heading\"><h2  >\u0644\u0648\u062d\u0629 \u0627\u0644\u062a\u062d\u0643\u0645 \u0628\u0627\u0644\u0644\u0645\u0633<\/h2><\/div><style>.porto-u-3149.porto-u-heading{text-align:center}<\/style><\/div>\r\n\t<div class=\"wpb_single_image wpb_content_element vc_align_center\">\r\n\t\t<div class=\"wpb_wrapper\">\r\n\t\t\t\r\n\t\t\t<div class=\"vc_single_image-wrapper vc_box_border  vc_box_border_grey\"><img loading=\"lazy\" decoding=\"async\" width=\"450\" height=\"450\" src=\"https:\/\/www.ekosankompresor.com\/wp-content\/uploads\/2023\/09\/k-panel-1-1.jpg\" class=\"vc_single_image-img attachment-full\" alt=\"\" title=\"\" srcset=\"https:\/\/www.ekosankompresor.com\/wp-content\/uploads\/2023\/09\/k-panel-1-1.jpg 450w, https:\/\/www.ekosankompresor.com\/wp-content\/uploads\/2023\/09\/k-panel-1-1-400x400.jpg 400w, https:\/\/www.ekosankompresor.com\/wp-content\/uploads\/2023\/09\/k-panel-1-1-367x367.jpg 367w\" sizes=\"auto, (max-width: 450px) 100vw, 450px\" \/><\/div>\r\n\t\t<\/div>\r\n\t<\/div>\r\n\n\t<div class=\"wpb_text_column wpb_content_element  vc_custom_1695019238815\" >\n\t\t<div class=\"wpb_wrapper\">\n\t\t\t<p style=\"text-align: center;\">\u0633\u0647\u0648\u0644\u0629 \u0627\u0644\u0648\u0635\u0648\u0644 \u0625\u0644\u0649 \u0627\u0644\u0642\u0627\u0626\u0645\u0629 \u0627\u0644\u0631\u0626\u064a\u0633\u064a\u0629 \u0648\u062c\u0645\u064a\u0639 \u0627\u0644\u0645\u062d\u062a\u0648\u064a\u0627\u062a \u0628\u0641\u0636\u0644 \u0644\u0648\u062d\u0629 \u0627\u0644\u062a\u062d\u0643\u0645.<\/p>\n\n\t\t<\/div>\n\t<\/div>\n<\/div><\/div><div class=\"vc_column_container col-md-4\"><div class=\"wpb_wrapper vc_column-inner\"><div class=\"porto-u-heading  wpb_custom_eb743a51c55f32b038d66f59f64306c0 porto-u-1297\"><div class=\"porto-u-main-heading\"><h2  >\u0627\u0644\u0639\u0627\u0643\u0633<\/h2><\/div><style>.porto-u-1297.porto-u-heading{text-align:center}<\/style><\/div>\r\n\t<div class=\"wpb_single_image wpb_content_element vc_align_center\">\r\n\t\t<div class=\"wpb_wrapper\">\r\n\t\t\t\r\n\t\t\t<div class=\"vc_single_image-wrapper vc_box_border  vc_box_border_grey\"><img loading=\"lazy\" decoding=\"async\" width=\"450\" height=\"450\" src=\"https:\/\/www.ekosankompresor.com\/wp-content\/uploads\/2023\/09\/invertor-1.jpg\" class=\"vc_single_image-img attachment-full\" alt=\"\" title=\"invertor\" srcset=\"https:\/\/www.ekosankompresor.com\/wp-content\/uploads\/2023\/09\/invertor-1.jpg 450w, https:\/\/www.ekosankompresor.com\/wp-content\/uploads\/2023\/09\/invertor-1-400x400.jpg 400w, https:\/\/www.ekosankompresor.com\/wp-content\/uploads\/2023\/09\/invertor-1-367x367.jpg 367w\" sizes=\"auto, (max-width: 450px) 100vw, 450px\" \/><\/div>\r\n\t\t<\/div>\r\n\t<\/div>\r\n\n\t<div class=\"wpb_text_column wpb_content_element  vc_custom_1695027141394\" >\n\t\t<div class=\"wpb_wrapper\">\n\t\t\t<p style=\"text-align: center;\">\u062a\u0648\u0641\u064a\u0631 \u0627\u0644\u0637\u0627\u0642\u0629 \u064a\u0635\u0644 \u0625\u0644\u0649 35%.<\/p>\n\n\t\t<\/div>\n\t<\/div>\n<\/div><\/div><div class=\"vc_column_container col-md-2\"><div class=\"wpb_wrapper vc_column-inner\"><\/div><\/div><\/div><\/div><\/div><div class=\"vc_column_container col-md-12\"><div class=\"wpb_wrapper vc_column-inner\"><div class=\"vc_row wpb_row vc_inner row\"><div class=\"vc_column_container col-md-1\"><div class=\"wpb_wrapper vc_column-inner\"><\/div><\/div><div class=\"vc_column_container col-md-10\"><div class=\"wpb_wrapper vc_column-inner\">\r\n\t<div class=\"wpb_single_image wpb_content_element vc_align_center\">\r\n\t\t<div class=\"wpb_wrapper\">\r\n\t\t\t\r\n\t\t\t<div class=\"vc_single_image-wrapper   vc_box_border_grey\"><img loading=\"lazy\" decoding=\"async\" width=\"1629\" height=\"1195\" src=\"https:\/\/www.ekosankompresor.com\/wp-content\/uploads\/2023\/09\/Private-line-3.jpg\" class=\"vc_single_image-img attachment-full\" alt=\"\" title=\"Private-line-3\" srcset=\"https:\/\/www.ekosankompresor.com\/wp-content\/uploads\/2023\/09\/Private-line-3.jpg 1629w, https:\/\/www.ekosankompresor.com\/wp-content\/uploads\/2023\/09\/Private-line-3-1024x751.jpg 1024w, https:\/\/www.ekosankompresor.com\/wp-content\/uploads\/2023\/09\/Private-line-3-768x563.jpg 768w, https:\/\/www.ekosankompresor.com\/wp-content\/uploads\/2023\/09\/Private-line-3-1536x1127.jpg 1536w\" sizes=\"auto, (max-width: 1629px) 100vw, 1629px\" \/><\/div>\r\n\t\t<\/div>\r\n\t<\/div>\r\n<\/div><\/div><div class=\"vc_column_container col-md-1\"><div class=\"wpb_wrapper vc_column-inner\"><\/div><\/div><\/div><\/div><\/div><\/div><\/div><\/div>\n<\/section>","protected":false},"excerpt":{"rendered":"V\u0130DA BLO\u011eU \u00c7ift kademeli preminyum verim s\u0131n\u0131f\u0131 vida blo\u011fu. KONTROL PANEL\u0130 Kontrol paneli sayesinde ana men\u00fcye ve b\u00fct\u00fcn i\u00e7eri\u011fe kolay ula\u015f\u0131m imkan\u0131. DOKUNMAT\u0130K KONTROL PANEL\u0130 Kontrol paneli sayesinde ana men\u00fcye ve b\u00fct\u00fcn i\u00e7eri\u011fe kolay ula\u015f\u0131m imkan\u0131. \u0130NVERT\u00d6R %35\u2019e varan enerji tasarrufu.","protected":false},"author":1,"featured_media":0,"parent":475,"menu_order":0,"comment_status":"closed","ping_status":"closed","template":"","meta":{"_acf_changed":false,"footnotes":""},"class_list":["post-598","page","type-page","status-publish","hentry"],"acf":[],"_links":{"self":[{"href":"https:\/\/www.ekosankompresor.com\/ar\/wp-json\/wp\/v2\/pages\/598","targetHints":{"allow":["GET"]}}],"collection":[{"href":"https:\/\/www.ekosankompresor.com\/ar\/wp-json\/wp\/v2\/pages"}],"about":[{"href":"https:\/\/www.ekosankompresor.com\/ar\/wp-json\/wp\/v2\/types\/page"}],"author":[{"embeddable":true,"href":"https:\/\/www.ekosankompresor.com\/ar\/wp-json\/wp\/v2\/users\/1"}],"replies":[{"embeddable":true,"href":"https:\/\/www.ekosankompresor.com\/ar\/wp-json\/wp\/v2\/comments?post=598"}],"version-history":[{"count":1,"href":"https:\/\/www.ekosankompresor.com\/ar\/wp-json\/wp\/v2\/pages\/598\/revisions"}],"predecessor-version":[{"id":829,"href":"https:\/\/www.ekosankompresor.com\/ar\/wp-json\/wp\/v2\/pages\/598\/revisions\/829"}],"up":[{"embeddable":true,"href":"https:\/\/www.ekosankompresor.com\/ar\/wp-json\/wp\/v2\/pages\/475"}],"wp:attachment":[{"href":"https:\/\/www.ekosankompresor.com\/ar\/wp-json\/wp\/v2\/media?parent=598"}],"curies":[{"name":"wp","href":"https:\/\/api.w.org\/{rel}","templated":true}]}}