{"id":475,"date":"2023-09-18T06:07:49","date_gmt":"2023-09-18T06:07:49","guid":{"rendered":"https:\/\/www.ekosankompresor.com\/?page_id=475"},"modified":"2023-09-18T11:09:53","modified_gmt":"2023-09-18T11:09:53","slug":"vidali-hava-kompresorleri","status":"publish","type":"page","link":"https:\/\/www.ekosankompresor.com\/en\/urunler\/vidali-hava-kompresorleri\/","title":{"rendered":"Screw Air Compressors"},"content":{"rendered":"<section class=\"wpb-content-wrapper\"><div class=\"vc_row wpb_row top-row porto-inner-container\"><div class=\"porto-wrap-container container\"><div class=\"row\"><div class=\"vc_column_container col-md-6\"><div class=\"wpb_wrapper vc_column-inner\"><div class=\"porto-image-frame\"><div class=\"thumb-info thumb-info-hide-wrapper-bg\"><a href=\"https:\/\/www.ekosankompresor.com\/urunler\/vidali-hava-kompresorleri\/blue-line-serisi\/\" title=\"\" target=\"_self\"><span class=\"thumb-info-wrapper\"><img loading=\"lazy\" decoding=\"async\" alt=\"\" src=\"\/\/www.ekosankompresor.com\/wp-content\/uploads\/2023\/09\/Blue-line-1.jpg\" class=\"img-responsive\" width=\"800\" height=\"700\"><span class=\"thumb-info-title\"><span class=\"thumb-info-inner\">BLUE LINE SERIES<em><\/em><\/span><span class=\"thumb-info-type\">SCREW AIR COMPRESSORS<\/span><\/span><span class=\"thumb-info-action\"><span class=\"thumb-info-action-icon\"><i class=\"fas fa-link\"><\/i><\/span><\/span><\/span><\/a><\/div><\/div><\/div><\/div><div class=\"vc_column_container col-md-6\"><div class=\"wpb_wrapper vc_column-inner\"><div class=\"porto-image-frame\"><div class=\"thumb-info thumb-info-hide-wrapper-bg\"><a href=\"https:\/\/www.ekosankompresor.com\/urunler\/vidali-hava-kompresorleri\/red-line-serisi\/\" title=\"\" target=\"_self\"><span class=\"thumb-info-wrapper\"><img loading=\"lazy\" decoding=\"async\" alt=\"\" src=\"\/\/www.ekosankompresor.com\/wp-content\/uploads\/2023\/09\/Red-line-1.jpg\" class=\"img-responsive\" width=\"800\" height=\"700\"><span class=\"thumb-info-title\"><span class=\"thumb-info-inner\">RED LINE SERIES<em><\/em><\/span><span class=\"thumb-info-type\">SCREW AIR COMPRESSORS<\/span><\/span><span class=\"thumb-info-action\"><span class=\"thumb-info-action-icon\"><i class=\"fas fa-link\"><\/i><\/span><\/span><\/span><\/a><\/div><\/div><\/div><\/div><\/div><\/div><\/div><div class=\"vc_row wpb_row top-row porto-inner-container\"><div class=\"porto-wrap-container container\"><div class=\"row\"><div class=\"vc_column_container col-md-6\"><div class=\"wpb_wrapper vc_column-inner\"><div class=\"porto-image-frame\"><div class=\"thumb-info thumb-info-hide-wrapper-bg\"><a href=\"https:\/\/www.ekosankompresor.com\/urunler\/vidali-hava-kompresorleri\/green-line-serisi\/\" title=\"\" target=\"_self\"><span class=\"thumb-info-wrapper\"><img loading=\"lazy\" decoding=\"async\" alt=\"\" src=\"\/\/www.ekosankompresor.com\/wp-content\/uploads\/2023\/09\/Green-line-1.jpg\" class=\"img-responsive\" width=\"800\" height=\"700\"><span class=\"thumb-info-title\"><span class=\"thumb-info-inner\">GREEN LINE SERIES<em><\/em><\/span><span class=\"thumb-info-type\">SCREW AIR COMPRESSORS<\/span><\/span><span class=\"thumb-info-action\"><span class=\"thumb-info-action-icon\"><i class=\"fas fa-link\"><\/i><\/span><\/span><\/span><\/a><\/div><\/div><\/div><\/div><div class=\"vc_column_container col-md-6\"><div class=\"wpb_wrapper vc_column-inner\"><div class=\"porto-image-frame\"><div class=\"thumb-info thumb-info-hide-wrapper-bg\"><a href=\"#\" title=\"\" target=\"_self\"><span class=\"thumb-info-wrapper\"><img loading=\"lazy\" decoding=\"async\" alt=\"\" src=\"\/\/www.ekosankompresor.com\/wp-content\/uploads\/2023\/09\/Private-line-1.jpg\" class=\"img-responsive\" width=\"800\" height=\"700\"><span class=\"thumb-info-title\"><span class=\"thumb-info-inner\">PRIVATE LINE SERIES<em><\/em><\/span><span class=\"thumb-info-type\">SCREW AIR COMPRESSORS<\/span><\/span><span class=\"thumb-info-action\"><span class=\"thumb-info-action-icon\"><i class=\"fas fa-link\"><\/i><\/span><\/span><\/span><\/a><\/div><\/div><\/div><\/div><\/div><\/div><\/div>\n<\/section>","protected":false},"excerpt":{"rendered":"BLUE LINE SER\u0130S\u0130V\u0130DALI HAVA KOMPRES\u00d6RLER\u0130RED LINE SER\u0130S\u0130V\u0130DALI HAVA KOMPRES\u00d6RLER\u0130GREEN LINE SER\u0130S\u0130V\u0130DALI HAVA KOMPRES\u00d6RLER\u0130PRIVATE LINE SER\u0130S\u0130V\u0130DALI HAVA KOMPRES\u00d6RLER\u0130","protected":false},"author":1,"featured_media":0,"parent":473,"menu_order":0,"comment_status":"closed","ping_status":"closed","template":"","meta":{"_acf_changed":false,"footnotes":""},"class_list":["post-475","page","type-page","status-publish","hentry"],"acf":[],"_links":{"self":[{"href":"https:\/\/www.ekosankompresor.com\/en\/wp-json\/wp\/v2\/pages\/475","targetHints":{"allow":["GET"]}}],"collection":[{"href":"https:\/\/www.ekosankompresor.com\/en\/wp-json\/wp\/v2\/pages"}],"about":[{"href":"https:\/\/www.ekosankompresor.com\/en\/wp-json\/wp\/v2\/types\/page"}],"author":[{"embeddable":true,"href":"https:\/\/www.ekosankompresor.com\/en\/wp-json\/wp\/v2\/users\/1"}],"replies":[{"embeddable":true,"href":"https:\/\/www.ekosankompresor.com\/en\/wp-json\/wp\/v2\/comments?post=475"}],"version-history":[{"count":0,"href":"https:\/\/www.ekosankompresor.com\/en\/wp-json\/wp\/v2\/pages\/475\/revisions"}],"up":[{"embeddable":true,"href":"https:\/\/www.ekosankompresor.com\/en\/wp-json\/wp\/v2\/pages\/473"}],"wp:attachment":[{"href":"https:\/\/www.ekosankompresor.com\/en\/wp-json\/wp\/v2\/media?parent=475"}],"curies":[{"name":"wp","href":"https:\/\/api.w.org\/{rel}","templated":true}]}}