{"id":489,"date":"2023-09-18T06:30:59","date_gmt":"2023-09-18T06:30:59","guid":{"rendered":"https:\/\/www.ekosankompresor.com\/?page_id=489"},"modified":"2023-09-18T10:03:13","modified_gmt":"2023-09-18T10:03:13","slug":"blue-line-serisi","status":"publish","type":"page","link":"https:\/\/www.ekosankompresor.com\/en\/urunler\/vidali-hava-kompresorleri\/blue-line-serisi\/","title":{"rendered":"Blue Line Series (2,2 Kw \u2013 37 Kw)"},"content":{"rendered":"<section class=\"wpb-content-wrapper\"><div class=\"vc_row wpb_row row top-row\"><div class=\"vc_column_container col-md-12\"><div class=\"wpb_wrapper vc_column-inner\">\r\n\t<div class=\"wpb_single_image wpb_content_element vc_align_center\">\r\n\t\t<div class=\"wpb_wrapper\">\r\n\t\t\t\r\n\t\t\t<div class=\"vc_single_image-wrapper vc_box_rounded  vc_box_border_grey\"><img loading=\"lazy\" decoding=\"async\" width=\"1600\" height=\"767\" src=\"https:\/\/www.ekosankompresor.com\/wp-content\/uploads\/2023\/09\/blue-ser-1-2.jpg\" class=\"vc_single_image-img attachment-full\" alt=\"\" title=\"\" srcset=\"https:\/\/www.ekosankompresor.com\/wp-content\/uploads\/2023\/09\/blue-ser-1-2.jpg 1600w, https:\/\/www.ekosankompresor.com\/wp-content\/uploads\/2023\/09\/blue-ser-1-2-1024x491.jpg 1024w, https:\/\/www.ekosankompresor.com\/wp-content\/uploads\/2023\/09\/blue-ser-1-2-768x368.jpg 768w, https:\/\/www.ekosankompresor.com\/wp-content\/uploads\/2023\/09\/blue-ser-1-2-1536x736.jpg 1536w, https:\/\/www.ekosankompresor.com\/wp-content\/uploads\/2023\/09\/blue-ser-1-2-640x307.jpg 640w, https:\/\/www.ekosankompresor.com\/wp-content\/uploads\/2023\/09\/blue-ser-1-2-400x192.jpg 400w\" sizes=\"auto, (max-width: 1600px) 100vw, 1600px\" \/><\/div>\r\n\t\t<\/div>\r\n\t<\/div>\r\n<\/div><\/div><\/div><div class=\"vc_row wpb_row top-row porto-inner-container\"><div class=\"porto-wrap-container container\"><div class=\"row\"><div class=\"vc_column_container col-md-12\"><div class=\"wpb_wrapper vc_column-inner\">\n\t<div class=\"wpb_text_column wpb_content_element\" >\n\t\t<div class=\"wpb_wrapper\">\n\t\t\t<p style=\"text-align: center;\">For small, medium and large scale enterprises. In our Blue Line series, compressor or dryer can be added on the horizontal air tank if desired. It is easy to service and service costs are very favourable. Spin-On separator belt pulley system.<\/p>\n\n\t\t<\/div>\n\t<\/div>\n<\/div><\/div><div class=\"vc_column_container col-md-12\"><div class=\"wpb_wrapper vc_column-inner\"><div class=\"vc_row wpb_row vc_inner row\"><div class=\"vc_column_container col-md-4\"><div class=\"wpb_wrapper vc_column-inner\"><div class=\"porto-u-heading  wpb_custom_eb743a51c55f32b038d66f59f64306c0 porto-u-8054\"><div class=\"porto-u-main-heading\"><h2  >CONTROL PANEL<\/h2><\/div><style>.porto-u-8054.porto-u-heading{text-align:center}<\/style><\/div>\r\n\t<div class=\"wpb_single_image wpb_content_element vc_align_center\">\r\n\t\t<div class=\"wpb_wrapper\">\r\n\t\t\t\r\n\t\t\t<div class=\"vc_single_image-wrapper vc_box_border  vc_box_border_grey\"><img loading=\"lazy\" decoding=\"async\" width=\"450\" height=\"450\" src=\"https:\/\/www.ekosankompresor.com\/wp-content\/uploads\/2023\/09\/k-panel-1.jpg\" class=\"vc_single_image-img attachment-full\" alt=\"\" title=\"\" srcset=\"https:\/\/www.ekosankompresor.com\/wp-content\/uploads\/2023\/09\/k-panel-1.jpg 450w, https:\/\/www.ekosankompresor.com\/wp-content\/uploads\/2023\/09\/k-panel-1-400x400.jpg 400w, https:\/\/www.ekosankompresor.com\/wp-content\/uploads\/2023\/09\/k-panel-1-367x367.jpg 367w\" sizes=\"auto, (max-width: 450px) 100vw, 450px\" \/><\/div>\r\n\t\t<\/div>\r\n\t<\/div>\r\n\n\t<div class=\"wpb_text_column wpb_content_element  vc_custom_1695019238815\" >\n\t\t<div class=\"wpb_wrapper\">\n\t\t\t<p style=\"text-align: center;\">Easy access to the main menu and all content thanks to the control panel.<\/p>\n\n\t\t<\/div>\n\t<\/div>\n<\/div><\/div><div class=\"vc_column_container col-md-4\"><div class=\"wpb_wrapper vc_column-inner\"><div class=\"porto-u-heading  wpb_custom_eb743a51c55f32b038d66f59f64306c0 porto-u-5151\"><div class=\"porto-u-main-heading\"><h2  >FILTER GROUP<\/h2><\/div><style>.porto-u-5151.porto-u-heading{text-align:center}<\/style><\/div>\r\n\t<div class=\"wpb_single_image wpb_content_element vc_align_center\">\r\n\t\t<div class=\"wpb_wrapper\">\r\n\t\t\t\r\n\t\t\t<div class=\"vc_single_image-wrapper vc_box_border  vc_box_border_grey\"><img loading=\"lazy\" decoding=\"async\" width=\"450\" height=\"450\" src=\"https:\/\/www.ekosankompresor.com\/wp-content\/uploads\/2023\/09\/f-grubu.jpg\" class=\"vc_single_image-img attachment-full\" alt=\"\" title=\"\" srcset=\"https:\/\/www.ekosankompresor.com\/wp-content\/uploads\/2023\/09\/f-grubu.jpg 450w, https:\/\/www.ekosankompresor.com\/wp-content\/uploads\/2023\/09\/f-grubu-400x400.jpg 400w, https:\/\/www.ekosankompresor.com\/wp-content\/uploads\/2023\/09\/f-grubu-367x367.jpg 367w\" sizes=\"auto, (max-width: 450px) 100vw, 450px\" \/><\/div>\r\n\t\t<\/div>\r\n\t<\/div>\r\n\n\t<div class=\"wpb_text_column wpb_content_element  vc_custom_1695019495562\" >\n\t\t<div class=\"wpb_wrapper\">\n\t\t\t<p style=\"text-align: center;\">Practical service with Spin - On Separator and easy accessibility.<\/p>\n\n\t\t<\/div>\n\t<\/div>\n<\/div><\/div><div class=\"vc_column_container col-md-4\"><div class=\"wpb_wrapper vc_column-inner\"><div class=\"porto-u-heading  wpb_custom_eb743a51c55f32b038d66f59f64306c0 porto-u-3389\"><div class=\"porto-u-main-heading\"><h2  >BELT PULLEY<\/h2><\/div><style>.porto-u-3389.porto-u-heading{text-align:center}<\/style><\/div>\r\n\t<div class=\"wpb_single_image wpb_content_element vc_align_center\">\r\n\t\t<div class=\"wpb_wrapper\">\r\n\t\t\t\r\n\t\t\t<div class=\"vc_single_image-wrapper vc_box_border  vc_box_border_grey\"><img loading=\"lazy\" decoding=\"async\" width=\"450\" height=\"450\" src=\"https:\/\/www.ekosankompresor.com\/wp-content\/uploads\/2023\/09\/k-kasnak.jpg\" class=\"vc_single_image-img attachment-full\" alt=\"\" title=\"\" srcset=\"https:\/\/www.ekosankompresor.com\/wp-content\/uploads\/2023\/09\/k-kasnak.jpg 450w, https:\/\/www.ekosankompresor.com\/wp-content\/uploads\/2023\/09\/k-kasnak-400x400.jpg 400w, https:\/\/www.ekosankompresor.com\/wp-content\/uploads\/2023\/09\/k-kasnak-367x367.jpg 367w\" sizes=\"auto, (max-width: 450px) 100vw, 450px\" \/><\/div>\r\n\t\t<\/div>\r\n\t<\/div>\r\n\n\t<div class=\"wpb_text_column wpb_content_element  vc_custom_1695019733276\" >\n\t\t<div class=\"wpb_wrapper\">\n\t\t\t<p style=\"text-align: center;\">PL Type belt pulley high performance easy disassembly and assembly.<\/p>\n\n\t\t<\/div>\n\t<\/div>\n<\/div><\/div><\/div><\/div><\/div><div class=\"vc_column_container col-md-12\"><div class=\"wpb_wrapper vc_column-inner\"><div class=\"vc_row wpb_row vc_inner row\"><div class=\"vc_column_container col-md-1\"><div class=\"wpb_wrapper vc_column-inner\"><\/div><\/div><div class=\"vc_column_container col-md-10\"><div class=\"wpb_wrapper vc_column-inner\">\r\n\t<div class=\"wpb_single_image wpb_content_element vc_align_center\">\r\n\t\t<div class=\"wpb_wrapper\">\r\n\t\t\t\r\n\t\t\t<div class=\"vc_single_image-wrapper   vc_box_border_grey\"><img loading=\"lazy\" decoding=\"async\" width=\"1631\" height=\"1283\" src=\"https:\/\/www.ekosankompresor.com\/wp-content\/uploads\/2023\/09\/Blue-line-tablo-1.jpg\" class=\"vc_single_image-img attachment-full\" alt=\"\" title=\"\" srcset=\"https:\/\/www.ekosankompresor.com\/wp-content\/uploads\/2023\/09\/Blue-line-tablo-1.jpg 1631w, https:\/\/www.ekosankompresor.com\/wp-content\/uploads\/2023\/09\/Blue-line-tablo-1-1024x806.jpg 1024w, https:\/\/www.ekosankompresor.com\/wp-content\/uploads\/2023\/09\/Blue-line-tablo-1-768x604.jpg 768w, https:\/\/www.ekosankompresor.com\/wp-content\/uploads\/2023\/09\/Blue-line-tablo-1-1536x1208.jpg 1536w\" sizes=\"auto, (max-width: 1631px) 100vw, 1631px\" \/><\/div>\r\n\t\t<\/div>\r\n\t<\/div>\r\n<\/div><\/div><div class=\"vc_column_container col-md-1\"><div class=\"wpb_wrapper vc_column-inner\"><\/div><\/div><\/div><\/div><\/div><div class=\"vc_column_container col-md-12\"><div class=\"wpb_wrapper vc_column-inner\"><div class=\"vc_row wpb_row vc_inner row\"><div class=\"vc_column_container col-md-2\"><div class=\"wpb_wrapper vc_column-inner\"><\/div><\/div><div class=\"vc_column_container col-md-4\"><div class=\"wpb_wrapper vc_column-inner\"><div class=\"porto-u-heading  wpb_custom_eb743a51c55f32b038d66f59f64306c0 porto-u-1572\"><div class=\"porto-u-main-heading\"><h2  >TOUCH CONTROL PANEL<\/h2><\/div><style>.porto-u-1572.porto-u-heading{text-align:center}<\/style><\/div>\r\n\t<div class=\"wpb_single_image wpb_content_element vc_align_center\">\r\n\t\t<div class=\"wpb_wrapper\">\r\n\t\t\t\r\n\t\t\t<div class=\"vc_single_image-wrapper vc_box_border  vc_box_border_grey\"><img loading=\"lazy\" decoding=\"async\" width=\"450\" height=\"450\" src=\"https:\/\/www.ekosankompresor.com\/wp-content\/uploads\/2023\/09\/d-kot-pan.jpg\" class=\"vc_single_image-img attachment-full\" alt=\"\" title=\"\" srcset=\"https:\/\/www.ekosankompresor.com\/wp-content\/uploads\/2023\/09\/d-kot-pan.jpg 450w, https:\/\/www.ekosankompresor.com\/wp-content\/uploads\/2023\/09\/d-kot-pan-400x400.jpg 400w, https:\/\/www.ekosankompresor.com\/wp-content\/uploads\/2023\/09\/d-kot-pan-367x367.jpg 367w\" sizes=\"auto, (max-width: 450px) 100vw, 450px\" \/><\/div>\r\n\t\t<\/div>\r\n\t<\/div>\r\n\n\t<div class=\"wpb_text_column wpb_content_element  vc_custom_1695027126375\" >\n\t\t<div class=\"wpb_wrapper\">\n\t\t\t<p style=\"text-align: center;\">Touch screen control panel compatible with the inverter.<\/p>\n\n\t\t<\/div>\n\t<\/div>\n<\/div><\/div><div class=\"vc_column_container col-md-4\"><div class=\"wpb_wrapper vc_column-inner\"><div class=\"porto-u-heading  wpb_custom_eb743a51c55f32b038d66f59f64306c0 porto-u-3763\"><div class=\"porto-u-main-heading\"><h2  >INVERTER<\/h2><\/div><style>.porto-u-3763.porto-u-heading{text-align:center}<\/style><\/div>\r\n\t<div class=\"wpb_single_image wpb_content_element vc_align_center\">\r\n\t\t<div class=\"wpb_wrapper\">\r\n\t\t\t\r\n\t\t\t<div class=\"vc_single_image-wrapper vc_box_border  vc_box_border_grey\"><img loading=\"lazy\" decoding=\"async\" width=\"450\" height=\"450\" src=\"https:\/\/www.ekosankompresor.com\/wp-content\/uploads\/2023\/09\/invertor.jpg\" class=\"vc_single_image-img attachment-full\" alt=\"\" title=\"\" srcset=\"https:\/\/www.ekosankompresor.com\/wp-content\/uploads\/2023\/09\/invertor.jpg 450w, https:\/\/www.ekosankompresor.com\/wp-content\/uploads\/2023\/09\/invertor-400x400.jpg 400w, https:\/\/www.ekosankompresor.com\/wp-content\/uploads\/2023\/09\/invertor-367x367.jpg 367w\" sizes=\"auto, (max-width: 450px) 100vw, 450px\" \/><\/div>\r\n\t\t<\/div>\r\n\t<\/div>\r\n\n\t<div class=\"wpb_text_column wpb_content_element  vc_custom_1695027141394\" >\n\t\t<div class=\"wpb_wrapper\">\n\t\t\t<p style=\"text-align: center;\">Energy savings up to 35%.<\/p>\n\n\t\t<\/div>\n\t<\/div>\n<\/div><\/div><div class=\"vc_column_container col-md-2\"><div class=\"wpb_wrapper vc_column-inner\"><\/div><\/div><\/div><\/div><\/div><div class=\"vc_column_container col-md-12\"><div class=\"wpb_wrapper vc_column-inner\"><div class=\"vc_row wpb_row vc_inner row\"><div class=\"vc_column_container col-md-1\"><div class=\"wpb_wrapper vc_column-inner\"><\/div><\/div><div class=\"vc_column_container col-md-10\"><div class=\"wpb_wrapper vc_column-inner\">\r\n\t<div class=\"wpb_single_image wpb_content_element vc_align_center\">\r\n\t\t<div class=\"wpb_wrapper\">\r\n\t\t\t\r\n\t\t\t<div class=\"vc_single_image-wrapper   vc_box_border_grey\"><img loading=\"lazy\" decoding=\"async\" width=\"1656\" height=\"991\" src=\"https:\/\/www.ekosankompresor.com\/wp-content\/uploads\/2023\/09\/Blue-line-tablo-2.jpg\" class=\"vc_single_image-img attachment-full\" alt=\"\" title=\"\" srcset=\"https:\/\/www.ekosankompresor.com\/wp-content\/uploads\/2023\/09\/Blue-line-tablo-2.jpg 1656w, https:\/\/www.ekosankompresor.com\/wp-content\/uploads\/2023\/09\/Blue-line-tablo-2-1024x613.jpg 1024w, https:\/\/www.ekosankompresor.com\/wp-content\/uploads\/2023\/09\/Blue-line-tablo-2-768x460.jpg 768w, https:\/\/www.ekosankompresor.com\/wp-content\/uploads\/2023\/09\/Blue-line-tablo-2-1536x919.jpg 1536w\" sizes=\"auto, (max-width: 1656px) 100vw, 1656px\" \/><\/div>\r\n\t\t<\/div>\r\n\t<\/div>\r\n<\/div><\/div><div class=\"vc_column_container col-md-1\"><div class=\"wpb_wrapper vc_column-inner\"><\/div><\/div><\/div><\/div><\/div><\/div><\/div><\/div>\n<\/section>","protected":false},"excerpt":{"rendered":"K\u00fc\u00e7\u00fck, orta ve b\u00fcy\u00fck \u00f6l\u00e7ekli i\u015fletmeler i\u00e7indir. Blue Line serimizde istenildi\u011fi takdirde yatay hava tank\u0131 \u00fcst\u00fcne kompres\u00f6r veya kurutucu da ilave edilebilmektedir. Servis kolayl\u0131\u011f\u0131 olup servis maliyetleri \u00e7ok uygundur. Spin-On seperat\u00f6rl\u00fc kay\u0131\u015f kasnakl\u0131 sistemdir. KONTROL PANEL\u0130 Kontrol paneli sayesinde ana men\u00fcye ve b\u00fct\u00fcn i\u00e7eri\u011fe kolay ula\u015f\u0131m imkan\u0131. F\u0130LTRE GRUBU Spin - On Seperat\u00f6rl\u00fc pratik servis [...]","protected":false},"author":1,"featured_media":0,"parent":475,"menu_order":0,"comment_status":"closed","ping_status":"closed","template":"","meta":{"_acf_changed":false,"footnotes":""},"class_list":["post-489","page","type-page","status-publish","hentry"],"acf":[],"_links":{"self":[{"href":"https:\/\/www.ekosankompresor.com\/en\/wp-json\/wp\/v2\/pages\/489","targetHints":{"allow":["GET"]}}],"collection":[{"href":"https:\/\/www.ekosankompresor.com\/en\/wp-json\/wp\/v2\/pages"}],"about":[{"href":"https:\/\/www.ekosankompresor.com\/en\/wp-json\/wp\/v2\/types\/page"}],"author":[{"embeddable":true,"href":"https:\/\/www.ekosankompresor.com\/en\/wp-json\/wp\/v2\/users\/1"}],"replies":[{"embeddable":true,"href":"https:\/\/www.ekosankompresor.com\/en\/wp-json\/wp\/v2\/comments?post=489"}],"version-history":[{"count":0,"href":"https:\/\/www.ekosankompresor.com\/en\/wp-json\/wp\/v2\/pages\/489\/revisions"}],"up":[{"embeddable":true,"href":"https:\/\/www.ekosankompresor.com\/en\/wp-json\/wp\/v2\/pages\/475"}],"wp:attachment":[{"href":"https:\/\/www.ekosankompresor.com\/en\/wp-json\/wp\/v2\/media?parent=489"}],"curies":[{"name":"wp","href":"https:\/\/api.w.org\/{rel}","templated":true}]}}