{"id":719,"date":"2023-10-15T08:18:28","date_gmt":"2023-10-15T08:18:28","guid":{"rendered":"https:\/\/www.ekosankompresor.com\/?page_id=719"},"modified":"2023-10-15T08:28:45","modified_gmt":"2023-10-15T08:28:45","slug":"banka-hesap-numaralarimiz","status":"publish","type":"page","link":"https:\/\/www.ekosankompresor.com\/en\/banka-hesap-numaralarimiz\/","title":{"rendered":"Bank Account Numbers"},"content":{"rendered":"<section class=\"wpb-content-wrapper\"><div class=\"vc_row wpb_row row top-row\"><div class=\"vc_column_container col-md-12\"><div class=\"wpb_wrapper vc_column-inner\">\n\t<div class=\"wpb_text_column wpb_content_element\" >\n\t\t<div class=\"wpb_wrapper\">\n\t\t\t<p><strong>EKOSAN KOMPRES\u00d6R MAK. MED. ELEK. \u0130N\u015e. OTOM. GIDA VE SAN.LTD.\u015eT\u0130.<\/strong><\/p>\n<p><strong>Address:<\/strong> Saray Mahallesi 44. Cadde No:6\/A-B Kahramankazan \/ ANKARA \/ TURKEY<br \/>\n<strong>Tax Office:<\/strong> Kahramankazan<br \/>\n<strong>Tax Number:<\/strong> 330 050 21 32<br \/>\n<strong>Mersis No:<\/strong> 8 8189 5869 5628788<\/p>\n\n\t\t<\/div>\n\t<\/div>\n\n\t<div class=\"wpb_text_column wpb_content_element\" >\n\t\t<div class=\"wpb_wrapper\">\n\t\t\t<p><strong>QNB F\u0130NANS BANK (TL)IBAN NO :<\/strong> TR14 0011 1000 0000 0091 7780 67<\/p>\n<p><strong>QNB F\u0130NANS BANK (DOLAR) IBAN NO :<\/strong> TR62 0011 1000 0000 0091 7781 73<br \/>\n<strong>SWIFT CODE :<\/strong> FNNBTRISXXX<\/p>\n<p><strong>QNB F\u0130NANS BANK (EURO) IBAN NO :<\/strong> TR67 0011 1000 0000 0091 7781 80<br \/>\n<strong>SWIFT CODE :<\/strong> FNNBTRISXXX<\/p>\n<p>&nbsp;<\/p>\n\n\t\t<\/div>\n\t<\/div>\n<\/div><\/div><div class=\"vc_column_container col-md-4\"><div class=\"wpb_wrapper vc_column-inner\"><\/div><\/div><div class=\"vc_column_container col-md-8\"><div class=\"wpb_wrapper vc_column-inner\"><\/div><\/div><\/div>\n<\/section>","protected":false},"excerpt":{"rendered":"EKOSAN KOMPRES\u00d6R MAK. MED. ELEK. \u0130N\u015e. OTOM. GIDA VE SAN.LTD.\u015eT\u0130. Adres: Saray Mahallesi 44. Cadde No:6\/A-B Kahramankazan \/ ANKARA Vergi Dairesi: Kahramankazan Vergi No: 330 050 21 32 Mersis No: 8 8189 5869 5628788 QNB F\u0130NANS BANK (TL)IBAN NO : TR14 0011 1000 0000 0091 7780 67 QNB F\u0130NANS BANK (DOLAR) IBAN NO : TR62 [...]","protected":false},"author":1,"featured_media":0,"parent":0,"menu_order":0,"comment_status":"closed","ping_status":"closed","template":"","meta":{"_acf_changed":false,"footnotes":""},"class_list":["post-719","page","type-page","status-publish","hentry"],"acf":[],"_links":{"self":[{"href":"https:\/\/www.ekosankompresor.com\/en\/wp-json\/wp\/v2\/pages\/719","targetHints":{"allow":["GET"]}}],"collection":[{"href":"https:\/\/www.ekosankompresor.com\/en\/wp-json\/wp\/v2\/pages"}],"about":[{"href":"https:\/\/www.ekosankompresor.com\/en\/wp-json\/wp\/v2\/types\/page"}],"author":[{"embeddable":true,"href":"https:\/\/www.ekosankompresor.com\/en\/wp-json\/wp\/v2\/users\/1"}],"replies":[{"embeddable":true,"href":"https:\/\/www.ekosankompresor.com\/en\/wp-json\/wp\/v2\/comments?post=719"}],"version-history":[{"count":3,"href":"https:\/\/www.ekosankompresor.com\/en\/wp-json\/wp\/v2\/pages\/719\/revisions"}],"predecessor-version":[{"id":724,"href":"https:\/\/www.ekosankompresor.com\/en\/wp-json\/wp\/v2\/pages\/719\/revisions\/724"}],"wp:attachment":[{"href":"https:\/\/www.ekosankompresor.com\/en\/wp-json\/wp\/v2\/media?parent=719"}],"curies":[{"name":"wp","href":"https:\/\/api.w.org\/{rel}","templated":true}]}}